{"id":1522,"date":"2020-02-21T07:58:48","date_gmt":"2020-02-21T06:58:48","guid":{"rendered":"http:\/\/www.gosingchoir.de\/?page_id=1522"},"modified":"2025-06-12T14:08:24","modified_gmt":"2025-06-12T12:08:24","slug":"kalender","status":"publish","type":"page","link":"https:\/\/www.gosingchoir.de\/en\/kalender\/","title":{"rendered":"Calendar"},"content":{"rendered":"<div class=\"mec-wrap mec-skin-grid-container  \" id=\"mec_skin_1516\">\r\n    \r\n        \r\n            <div class=\"mec-skin-grid-events-container\" id=\"mec_skin_events_1516\">\r\n        <div class=\"mec-wrap colorskin-custom\">\r\n    <div class=\"mec-event-grid-clean\" data-widget-autoplay=\"1\" data-widget-loop=\"1\" data-widget-autoplay-time=\"3000\">\r\n        <div class=\"row\"><div class=\"col-md-12 col-sm-12\"><article class=\" mec-event-article mec-clear \" itemscope>                    <div class=\"event-grid-t2-head mec-bg-color clearfix\">\r\n                                    <div class=\"mec-event-date\">17<\/div>\r\n                    <div class=\"mec-event-month\">May<\/div>\r\n                                                                                            <div class=\"mec-event-detail\">\r\n                    <div class=\"mec-event-loc-place\">Backstage M\u00fcnchen (Arena)<\/div>\r\n                                                                            <\/div>\r\n            <\/div>\r\n            <div class=\"mec-event-image\"><a   data-event-id=\"4237\" href=\"https:\/\/www.gosingchoir.de\/en\/events\/2026-05-17\/?occurrence=2026-05-17\" target=\"_blank\" rel=\"noopener\"><img loading=\"lazy\" decoding=\"async\" width=\"800\" height=\"450\" src=\"https:\/\/www.gosingchoir.de\/wp-content\/uploads\/2026\/03\/16zu98-800x450.png\" class=\"attachment-medium size-medium wp-post-image\" alt=\"\" data-mec-postid=\"4237\" srcset=\"https:\/\/www.gosingchoir.de\/wp-content\/uploads\/2026\/03\/16zu98-800x450.png 800w, https:\/\/www.gosingchoir.de\/wp-content\/uploads\/2026\/03\/16zu98-1024x576.png 1024w, https:\/\/www.gosingchoir.de\/wp-content\/uploads\/2026\/03\/16zu98-300x169.png 300w, https:\/\/www.gosingchoir.de\/wp-content\/uploads\/2026\/03\/16zu98-768x432.png 768w, https:\/\/www.gosingchoir.de\/wp-content\/uploads\/2026\/03\/16zu98-1536x864.png 1536w, https:\/\/www.gosingchoir.de\/wp-content\/uploads\/2026\/03\/16zu98-1200x675.png 1200w, https:\/\/www.gosingchoir.de\/wp-content\/uploads\/2026\/03\/16zu98.png 1920w\" sizes=\"auto, (max-width: 709px) 85vw, (max-width: 909px) 67vw, (max-width: 984px) 61vw, (max-width: 1362px) 45vw, 600px\" \/><\/a><\/div>\r\n            <div class=\"mec-event-content\">\r\n                                                                <h4 class=\"mec-event-title\"><a class=\"mec-color-hover\"  data-event-id=\"4237\" href=\"https:\/\/www.gosingchoir.de\/en\/events\/2026-05-17\/?occurrence=2026-05-17\" target=\"_blank\" rel=\"noopener\">9 Jahre GO SING CHOIR &#8211; Backstage Arena, M\u00dcNCHEN (17.05.)<\/a><span class=\"event-color\" style=\"background: #a3b745\"><\/span><\/h4>\r\n                <p class=\"mec-grid-event-location\">Reitknechtstra\u00dfe 6, 80639 M\u00fcnchen<\/p>\r\n            <\/div>\r\n            <div class=\"mec-event-footer mec-color\">\r\n                                                                <a class=\"mec-booking-button\"  data-event-id=\"4237\" href=\"https:\/\/www.gosingchoir.de\/en\/events\/2026-05-17\/?occurrence=2026-05-17\" target=\"_blank\" rel=\"noopener\">View Detail<\/a>            <\/div>\r\n        <\/article><\/div><\/div>                <div class=\"row\"><div class=\"col-md-12 col-sm-12\"><article class=\" mec-event-article mec-clear \" itemscope>                    <div class=\"event-grid-t2-head mec-bg-color clearfix\">\r\n                                    <div class=\"mec-event-date\">28<\/div>\r\n                    <div class=\"mec-event-month\">June<\/div>\r\n                                                                                            <div class=\"mec-event-detail\">\r\n                    <div class=\"mec-event-loc-place\">Wannda Circus<\/div>\r\n                                                                            <\/div>\r\n            <\/div>\r\n            <div class=\"mec-event-image\"><a   data-event-id=\"4247\" href=\"https:\/\/www.gosingchoir.de\/en\/events\/2026-06-28\/?occurrence=2026-06-28\" target=\"_blank\" rel=\"noopener\"><img loading=\"lazy\" decoding=\"async\" width=\"800\" height=\"450\" src=\"https:\/\/www.gosingchoir.de\/wp-content\/uploads\/2026\/04\/16zu92-800x450.png\" class=\"attachment-medium size-medium wp-post-image\" alt=\"\" data-mec-postid=\"4247\" srcset=\"https:\/\/www.gosingchoir.de\/wp-content\/uploads\/2026\/04\/16zu92-800x450.png 800w, https:\/\/www.gosingchoir.de\/wp-content\/uploads\/2026\/04\/16zu92-1024x576.png 1024w, https:\/\/www.gosingchoir.de\/wp-content\/uploads\/2026\/04\/16zu92-300x169.png 300w, https:\/\/www.gosingchoir.de\/wp-content\/uploads\/2026\/04\/16zu92-768x432.png 768w, https:\/\/www.gosingchoir.de\/wp-content\/uploads\/2026\/04\/16zu92-1536x864.png 1536w, https:\/\/www.gosingchoir.de\/wp-content\/uploads\/2026\/04\/16zu92-1200x675.png 1200w, https:\/\/www.gosingchoir.de\/wp-content\/uploads\/2026\/04\/16zu92.png 1920w\" sizes=\"auto, (max-width: 709px) 85vw, (max-width: 909px) 67vw, (max-width: 984px) 61vw, (max-width: 1362px) 45vw, 600px\" \/><\/a><\/div>\r\n            <div class=\"mec-event-content\">\r\n                                                                <h4 class=\"mec-event-title\"><a class=\"mec-color-hover\"  data-event-id=\"4247\" href=\"https:\/\/www.gosingchoir.de\/en\/events\/2026-06-28\/?occurrence=2026-06-28\" target=\"_blank\" rel=\"noopener\">GO SING CHOIR Circus Special \u2013 Wannda Circus, M\u00fcnchen (28.06.)<\/a><span class=\"event-color\" style=\"background: #a3b745\"><\/span><\/h4>\r\n                <p class=\"mec-grid-event-location\">V\u00f6lckerstra\u00dfe 5, M\u00fcnchen-Freimann<\/p>\r\n            <\/div>\r\n            <div class=\"mec-event-footer mec-color\">\r\n                                                                <a class=\"mec-booking-button\"  data-event-id=\"4247\" href=\"https:\/\/www.gosingchoir.de\/en\/events\/2026-06-28\/?occurrence=2026-06-28\" target=\"_blank\" rel=\"noopener\">View Detail<\/a>            <\/div>\r\n        <\/article><\/div><\/div>                        \t<\/div>\r\n<\/div>\r\n\r\n    <\/div>\r\n    <div class=\"mec-skin-grid-no-events-container mec-util-hidden\" id=\"mec_skin_no_events_1516\">\r\n        No event found!    <\/div>\r\n        \r\n        \r\n<\/div>\n","protected":false},"excerpt":{"rendered":"","protected":false},"author":2,"featured_media":0,"parent":0,"menu_order":0,"comment_status":"closed","ping_status":"closed","template":"","meta":{"footnotes":""},"class_list":["post-1522","page","type-page","status-publish","hentry"],"translation":{"provider":"WPGlobus","version":"3.0.0","language":"en","enabled_languages":["de","en"],"languages":{"de":{"title":true,"content":true,"excerpt":false},"en":{"title":true,"content":true,"excerpt":false}}},"_links":{"self":[{"href":"https:\/\/www.gosingchoir.de\/en\/wp-json\/wp\/v2\/pages\/1522","targetHints":{"allow":["GET"]}}],"collection":[{"href":"https:\/\/www.gosingchoir.de\/en\/wp-json\/wp\/v2\/pages"}],"about":[{"href":"https:\/\/www.gosingchoir.de\/en\/wp-json\/wp\/v2\/types\/page"}],"author":[{"embeddable":true,"href":"https:\/\/www.gosingchoir.de\/en\/wp-json\/wp\/v2\/users\/2"}],"replies":[{"embeddable":true,"href":"https:\/\/www.gosingchoir.de\/en\/wp-json\/wp\/v2\/comments?post=1522"}],"version-history":[{"count":35,"href":"https:\/\/www.gosingchoir.de\/en\/wp-json\/wp\/v2\/pages\/1522\/revisions"}],"predecessor-version":[{"id":3995,"href":"https:\/\/www.gosingchoir.de\/en\/wp-json\/wp\/v2\/pages\/1522\/revisions\/3995"}],"wp:attachment":[{"href":"https:\/\/www.gosingchoir.de\/en\/wp-json\/wp\/v2\/media?parent=1522"}],"curies":[{"name":"wp","href":"https:\/\/api.w.org\/{rel}","templated":true}]}}